{"id":1332,"date":"2021-07-01T13:39:22","date_gmt":"2021-07-01T13:39:22","guid":{"rendered":"https:\/\/bravomarine.no\/coastal-water-fish-farming\/"},"modified":"2024-06-24T10:04:54","modified_gmt":"2024-06-24T10:04:54","slug":"offshore-fish-farming","status":"publish","type":"page","link":"https:\/\/bravomarine.no\/en\/offshore-fish-farming\/","title":{"rendered":"Offshore fish farming"},"content":{"rendered":"<section class=\"wpb-content-wrapper\"><p>[vc_row row_height_percent=&#8221;100&#8243; back_image=&#8221;215&#8243; kburns=&#8221;yes&#8221; overlay_color=&#8221;color-120968&#8243; overlay_alpha=&#8221;50&#8243; overlay_color_blend=&#8221;multiply&#8221; gutter_size=&#8221;4&#8243; column_width_percent=&#8221;100&#8243; shift_y=&#8221;0&#8243; z_index=&#8221;0&#8243; enable_top_divider=&#8221;default&#8221; top_divider=&#8221;gradient&#8221; shape_top_h_use_pixel=&#8221;true&#8221; shape_top_height_percent=&#8221;50&#8243; shape_top_color=&#8221;color-166901&#8243; shape_top_opacity=&#8221;100&#8243; shape_top_index=&#8221;0&#8243; mobile_visibility=&#8221;yes&#8221;][vc_column width=&#8221;1\/1&#8243;][vc_empty_space empty_h=&#8221;5&#8243; mobile_visibility=&#8221;yes&#8221;][vc_single_image media=&#8221;869&#8243; media_width_percent=&#8221;50&#8243; media_ratio=&#8221;one-one&#8221; alignment=&#8221;center&#8221; shape=&#8221;img-circle&#8221; shadow=&#8221;yes&#8221; shadow_weight=&#8221;lg&#8221; shadow_darker=&#8221;yes&#8221; css_animation=&#8221;zoom-in&#8221;][vc_empty_space empty_h=&#8221;4&#8243; mobile_visibility=&#8221;yes&#8221;][vc_empty_space empty_h=&#8221;3&#8243; desktop_visibility=&#8221;yes&#8221;][vc_row_inner row_inner_height_percent=&#8221;0&#8243; overlay_alpha=&#8221;50&#8243; gutter_size=&#8221;3&#8243; shift_y=&#8221;0&#8243; z_index=&#8221;0&#8243; limit_content=&#8221;&#8221;][vc_column_inner column_width_percent=&#8221;100&#8243; gutter_size=&#8221;3&#8243; overlay_alpha=&#8221;50&#8243; shift_x=&#8221;0&#8243; shift_y=&#8221;0&#8243; shift_y_down=&#8221;0&#8243; z_index=&#8221;0&#8243; medium_width=&#8221;0&#8243; mobile_width=&#8221;0&#8243; width=&#8221;1\/1&#8243;][vc_custom_heading text_font=&#8221;font-427594&#8243; text_size=&#8221;h3&#8243; text_weight=&#8221;300&#8243; text_transform=&#8221;uppercase&#8221; text_color=&#8221;color-xsdn&#8221; css_animation=&#8221;zoom-in&#8221;]Coastal water fish farming[\/vc_custom_heading][vc_separator sep_color=&#8221;color-120968&#8243; css_animation=&#8221;zoom-in&#8221;][vc_custom_heading text_font=&#8221;font-505875&#8243; text_size=&#8221;h5&#8243; text_weight=&#8221;300&#8243; text_color=&#8221;color-xsdn&#8221; css_animation=&#8221;bottom-t-top&#8221;]Offshore fiskeoppdrett er et relativt nytt satsingsomr\u00e5de. Rengj\u00f8ring av den nedsenkede infrastrukturen til offshore oppdrettsanlegg gir nye utfordringer p\u00e5 grunn av type konstruksjon og plasseringen av disse oppdrettsanleggene.<\/p>\n<p>&nbsp;<\/p>\n<p>Bravo Marine har utviklet produkter som kan brukes til rengj\u00f8ring av de forskjellige nedsenkede konstruksjonene, som flytekrage, bunnring, og f\u00f4rfl\u00e5ter. \u00a0Vi jobber hardt for \u00e5 utvikle enda flere produkter for \u00e5 hjelpe til med \u00e5 rengj\u00f8ring av kjeder, tau og slanger og ogs\u00e5 rengj\u00f8ring av offshore-konstruksjoner.[\/vc_custom_heading][\/vc_column_inner][\/vc_row_inner][vc_row_inner row_inner_height_percent=&#8221;0&#8243; overlay_alpha=&#8221;50&#8243; gutter_size=&#8221;3&#8243; shift_y=&#8221;0&#8243; z_index=&#8221;0&#8243; limit_content=&#8221;&#8221;][vc_column_inner column_width_percent=&#8221;100&#8243; gutter_size=&#8221;3&#8243; overlay_alpha=&#8221;50&#8243; shift_x=&#8221;0&#8243; shift_y=&#8221;0&#8243; shift_y_down=&#8221;0&#8243; z_index=&#8221;0&#8243; medium_width=&#8221;0&#8243; mobile_width=&#8221;0&#8243; width=&#8221;1\/3&#8243;][vc_single_image media=&#8221;888&#8243; media_width_percent=&#8221;100&#8243; shape=&#8221;img-round&#8221; radius=&#8221;std&#8221; shadow=&#8221;yes&#8221; shadow_weight=&#8221;std&#8221; shadow_darker=&#8221;yes&#8221; advanced=&#8221;yes&#8221; media_items=&#8221;media|original,title&#8221; media_overlay_opacity=&#8221;50&#8243; media_h_align=&#8221;center&#8221; media_h_position=&#8221;center&#8221; media_padding=&#8221;2&#8243; media_title_dimension=&#8221;h4&#8243; text_lead=&#8221;yes&#8221; css_animation=&#8221;zoom-in&#8221; media_title_custom=&#8221;Flytekrage&#8221;][\/vc_column_inner][vc_column_inner width=&#8221;1\/3&#8243;][vc_single_image media=&#8221;890&#8243; media_width_percent=&#8221;100&#8243; shape=&#8221;img-round&#8221; radius=&#8221;std&#8221; shadow=&#8221;yes&#8221; shadow_weight=&#8221;std&#8221; shadow_darker=&#8221;yes&#8221; advanced=&#8221;yes&#8221; media_items=&#8221;media|original,title&#8221; media_overlay_opacity=&#8221;50&#8243; media_h_align=&#8221;center&#8221; media_h_position=&#8221;center&#8221; media_padding=&#8221;2&#8243; media_title_dimension=&#8221;h4&#8243; text_lead=&#8221;yes&#8221; css_animation=&#8221;zoom-in&#8221; media_title_custom=&#8221;Bunnring&#8221;][\/vc_column_inner][vc_column_inner width=&#8221;1\/3&#8243;][vc_single_image media=&#8221;892&#8243; media_width_percent=&#8221;100&#8243; shape=&#8221;img-round&#8221; radius=&#8221;std&#8221; shadow=&#8221;yes&#8221; shadow_weight=&#8221;std&#8221; shadow_darker=&#8221;yes&#8221; advanced=&#8221;yes&#8221; media_items=&#8221;media|original,title&#8221; media_overlay_opacity=&#8221;50&#8243; media_h_align=&#8221;center&#8221; media_h_position=&#8221;center&#8221; media_padding=&#8221;2&#8243; media_title_dimension=&#8221;h4&#8243; text_lead=&#8221;yes&#8221; css_animation=&#8221;zoom-in&#8221; media_title_custom=&#8221;Fortn\u00f8yningstau&#8221;][\/vc_column_inner][\/vc_row_inner][vc_empty_space empty_h=&#8221;3&#8243;][vc_custom_heading text_font=&#8221;font-427594&#8243; text_size=&#8221;h3&#8243; text_weight=&#8221;300&#8243; text_transform=&#8221;uppercase&#8221; text_color=&#8221;color-xsdn&#8221; css_animation=&#8221;zoom-in&#8221;]Know more?[\/vc_custom_heading][vc_separator sep_color=&#8221;color-120968&#8243; css_animation=&#8221;zoom-in&#8221; el_width=&#8221;20%&#8221;][vc_custom_heading text_font=&#8221;font-505875&#8243; text_size=&#8221;h5&#8243; text_weight=&#8221;300&#8243; text_color=&#8221;color-xsdn&#8221; css_animation=&#8221;bottom-t-top&#8221;]See products C-RAY\u00ae ROV and C-RAY\u00ae HH[\/vc_custom_heading][vc_button border_animation=&#8221;btn-ripple-out&#8221; border_width=&#8221;0&#8243; css_animation=&#8221;bottom-t-top&#8221; link=&#8221;url:https%3A%2F%2Fbravomarine.no%2Fen%2Fproducts%2F|title:Products|&#8221;]Products[\/vc_button][vc_empty_space empty_h=&#8221;4&#8243;][\/vc_column][\/vc_row][vc_row row_height_percent=&#8221;100&#8243; back_image=&#8221;215&#8243; parallax=&#8221;yes&#8221; kburns=&#8221;yes&#8221; overlay_color=&#8221;color-120968&#8243; overlay_alpha=&#8221;50&#8243; overlay_color_blend=&#8221;multiply&#8221; gutter_size=&#8221;4&#8243; column_width_percent=&#8221;100&#8243; shift_y=&#8221;0&#8243; z_index=&#8221;0&#8243; enable_top_divider=&#8221;default&#8221; top_divider=&#8221;gradient&#8221; shape_top_h_use_pixel=&#8221;true&#8221; shape_top_height_percent=&#8221;50&#8243; shape_top_color=&#8221;color-166901&#8243; shape_top_opacity=&#8221;100&#8243; shape_top_index=&#8221;0&#8243; desktop_visibility=&#8221;yes&#8221;][vc_column width=&#8221;1\/1&#8243;][vc_empty_space empty_h=&#8221;5&#8243; mobile_visibility=&#8221;yes&#8221;][vc_single_image media=&#8221;869&#8243; media_width_percent=&#8221;100&#8243; media_ratio=&#8221;one-one&#8221; alignment=&#8221;center&#8221; shape=&#8221;img-circle&#8221; shadow=&#8221;yes&#8221; shadow_weight=&#8221;lg&#8221; shadow_darker=&#8221;yes&#8221; css_animation=&#8221;zoom-in&#8221;][vc_empty_space empty_h=&#8221;4&#8243; mobile_visibility=&#8221;yes&#8221;][vc_empty_space empty_h=&#8221;2&#8243; desktop_visibility=&#8221;yes&#8221;][vc_row_inner row_inner_height_percent=&#8221;0&#8243; overlay_alpha=&#8221;50&#8243; gutter_size=&#8221;3&#8243; shift_y=&#8221;0&#8243; z_index=&#8221;0&#8243; limit_content=&#8221;&#8221;][vc_column_inner column_width_percent=&#8221;100&#8243; gutter_size=&#8221;3&#8243; overlay_alpha=&#8221;50&#8243; shift_x=&#8221;0&#8243; shift_y=&#8221;0&#8243; shift_y_down=&#8221;0&#8243; z_index=&#8221;0&#8243; medium_width=&#8221;0&#8243; mobile_width=&#8221;0&#8243; width=&#8221;1\/1&#8243;][vc_custom_heading text_font=&#8221;font-427594&#8243; text_size=&#8221;h4&#8243; text_weight=&#8221;300&#8243; text_transform=&#8221;uppercase&#8221; text_color=&#8221;color-xsdn&#8221; css_animation=&#8221;zoom-in&#8221;]Coastal water fish farming[\/vc_custom_heading][vc_separator sep_color=&#8221;color-120968&#8243; css_animation=&#8221;zoom-in&#8221;][vc_custom_heading text_font=&#8221;font-505875&#8243; text_size=&#8221;h6&#8243; text_weight=&#8221;300&#8243; text_color=&#8221;color-xsdn&#8221; css_animation=&#8221;bottom-t-top&#8221;]Offshore fiskeoppdrett er et relativt nytt satsingsomr\u00e5de. Rengj\u00f8ring av den nedsenkede infrastrukturen til offshore oppdrettsanlegg gir nye utfordringer p\u00e5 grunn av type konstruksjon og plasseringen av disse oppdrettsanleggene.<\/p>\n<p>&nbsp;<\/p>\n<p>Bravo Marine har utviklet produkter som kan brukes til rengj\u00f8ring av de forskjellige nedsenkede konstruksjonene, som flytekrage, bunnring, og f\u00f4rfl\u00e5ter. \u00a0Vi jobber hardt for \u00e5 utvikle enda flere produkter for \u00e5 hjelpe til med \u00e5 rengj\u00f8ring av kjeder, tau og slanger og ogs\u00e5 rengj\u00f8ring av offshore-konstruksjoner.[\/vc_custom_heading][\/vc_column_inner][\/vc_row_inner][vc_row_inner row_inner_height_percent=&#8221;0&#8243; overlay_alpha=&#8221;50&#8243; gutter_size=&#8221;3&#8243; shift_y=&#8221;0&#8243; z_index=&#8221;0&#8243; limit_content=&#8221;&#8221;][vc_column_inner column_width_percent=&#8221;100&#8243; gutter_size=&#8221;3&#8243; overlay_alpha=&#8221;50&#8243; shift_x=&#8221;0&#8243; shift_y=&#8221;0&#8243; shift_y_down=&#8221;0&#8243; z_index=&#8221;0&#8243; medium_width=&#8221;0&#8243; mobile_width=&#8221;0&#8243; width=&#8221;1\/3&#8243;][vc_single_image media=&#8221;888&#8243; media_width_percent=&#8221;100&#8243; shape=&#8221;img-round&#8221; radius=&#8221;std&#8221; shadow=&#8221;yes&#8221; shadow_weight=&#8221;std&#8221; shadow_darker=&#8221;yes&#8221; advanced=&#8221;yes&#8221; media_items=&#8221;media|original,title&#8221; media_overlay_opacity=&#8221;50&#8243; media_h_align=&#8221;center&#8221; media_h_position=&#8221;center&#8221; media_padding=&#8221;2&#8243; media_title_dimension=&#8221;h4&#8243; text_lead=&#8221;yes&#8221; css_animation=&#8221;zoom-in&#8221; media_title_custom=&#8221;Flytekrage&#8221;][\/vc_column_inner][vc_column_inner width=&#8221;1\/3&#8243;][vc_single_image media=&#8221;890&#8243; media_width_percent=&#8221;100&#8243; shape=&#8221;img-round&#8221; radius=&#8221;std&#8221; shadow=&#8221;yes&#8221; shadow_weight=&#8221;std&#8221; shadow_darker=&#8221;yes&#8221; advanced=&#8221;yes&#8221; media_items=&#8221;media|original,title&#8221; media_overlay_opacity=&#8221;50&#8243; media_h_align=&#8221;center&#8221; media_h_position=&#8221;center&#8221; media_padding=&#8221;2&#8243; media_title_dimension=&#8221;h4&#8243; text_lead=&#8221;yes&#8221; css_animation=&#8221;zoom-in&#8221; media_title_custom=&#8221;Bunnring&#8221;][\/vc_column_inner][vc_column_inner width=&#8221;1\/3&#8243;][vc_single_image media=&#8221;892&#8243; media_width_percent=&#8221;100&#8243; shape=&#8221;img-round&#8221; radius=&#8221;std&#8221; shadow=&#8221;yes&#8221; shadow_weight=&#8221;std&#8221; shadow_darker=&#8221;yes&#8221; advanced=&#8221;yes&#8221; media_items=&#8221;media|original,title&#8221; media_overlay_opacity=&#8221;50&#8243; media_h_align=&#8221;center&#8221; media_h_position=&#8221;center&#8221; media_padding=&#8221;2&#8243; media_title_dimension=&#8221;h4&#8243; text_lead=&#8221;yes&#8221; css_animation=&#8221;zoom-in&#8221; media_title_custom=&#8221;Fortn\u00f8yningstau&#8221;][\/vc_column_inner][\/vc_row_inner][vc_empty_space empty_h=&#8221;2&#8243;][vc_custom_heading text_font=&#8221;font-427594&#8243; text_size=&#8221;h4&#8243; text_weight=&#8221;300&#8243; text_transform=&#8221;uppercase&#8221; text_color=&#8221;color-xsdn&#8221; css_animation=&#8221;zoom-in&#8221;]Know more?[\/vc_custom_heading][vc_separator sep_color=&#8221;color-120968&#8243; css_animation=&#8221;zoom-in&#8221; el_width=&#8221;20%&#8221;][vc_custom_heading text_font=&#8221;font-505875&#8243; text_size=&#8221;h6&#8243; text_weight=&#8221;300&#8243; text_color=&#8221;color-xsdn&#8221; css_animation=&#8221;bottom-t-top&#8221;]If you are interested in what we do, you can contact us directly by following the link below.[\/vc_custom_heading][vc_button border_animation=&#8221;btn-ripple-out&#8221; border_width=&#8221;0&#8243; css_animation=&#8221;bottom-t-top&#8221; link=&#8221;url:https%3A%2F%2Fbravomarine.no%2Fen%2Fcontact%2F|title:Contact|&#8221;]Contact[\/vc_button][vc_empty_space empty_h=&#8221;4&#8243;][\/vc_column][\/vc_row]<\/p>\n<\/section>","protected":false},"excerpt":{"rendered":"<p>[vc_row row_height_percent=&#8221;100&#8243; back_image=&#8221;215&#8243; kburns=&#8221;yes&#8221; overlay_color=&#8221;color-120968&#8243; overlay_alpha=&#8221;50&#8243; overlay_color_blend=&#8221;multiply&#8221; gutter_size=&#8221;4&#8243; column_width_percent=&#8221;100&#8243; shift_y=&#8221;0&#8243; z_index=&#8221;0&#8243; enable_top_divider=&#8221;default&#8221; top_divider=&#8221;gradient&#8221; shape_top_h_use_pixel=&#8221;true&#8221; shape_top_height_percent=&#8221;50&#8243; shape_top_color=&#8221;color-166901&#8243; shape_top_opacity=&#8221;100&#8243; shape_top_index=&#8221;0&#8243; mobile_visibility=&#8221;yes&#8221;][vc_column width=&#8221;1\/1&#8243;][vc_empty_space [&hellip;]<\/p>\n","protected":false},"author":1,"featured_media":1104,"parent":0,"menu_order":0,"comment_status":"closed","ping_status":"closed","template":"","meta":{"footnotes":""},"class_list":["post-1332","page","type-page","status-publish","has-post-thumbnail","hentry"],"_links":{"self":[{"href":"https:\/\/bravomarine.no\/en\/wp-json\/wp\/v2\/pages\/1332","targetHints":{"allow":["GET"]}}],"collection":[{"href":"https:\/\/bravomarine.no\/en\/wp-json\/wp\/v2\/pages"}],"about":[{"href":"https:\/\/bravomarine.no\/en\/wp-json\/wp\/v2\/types\/page"}],"author":[{"embeddable":true,"href":"https:\/\/bravomarine.no\/en\/wp-json\/wp\/v2\/users\/1"}],"replies":[{"embeddable":true,"href":"https:\/\/bravomarine.no\/en\/wp-json\/wp\/v2\/comments?post=1332"}],"version-history":[{"count":7,"href":"https:\/\/bravomarine.no\/en\/wp-json\/wp\/v2\/pages\/1332\/revisions"}],"predecessor-version":[{"id":1343,"href":"https:\/\/bravomarine.no\/en\/wp-json\/wp\/v2\/pages\/1332\/revisions\/1343"}],"wp:featuredmedia":[{"embeddable":true,"href":"https:\/\/bravomarine.no\/en\/wp-json\/wp\/v2\/media\/1104"}],"wp:attachment":[{"href":"https:\/\/bravomarine.no\/en\/wp-json\/wp\/v2\/media?parent=1332"}],"curies":[{"name":"wp","href":"https:\/\/api.w.org\/{rel}","templated":true}]}}